{"id":24791,"date":"2023-12-14T12:29:07","date_gmt":"2023-12-14T12:29:07","guid":{"rendered":"http:\/\/www.kleve-solar.com\/?page_id=24791"},"modified":"2023-12-20T13:07:31","modified_gmt":"2023-12-20T13:07:31","slug":"polityka-prywatnosci","status":"publish","type":"page","link":"http:\/\/www.kleve-solar.com\/en\/polityka-prywatnosci\/","title":{"rendered":"<i>Privacy Policy<\/i>"},"content":{"rendered":"<div data-elementor-type=\"wp-page\" data-elementor-id=\"24791\" class=\"elementor elementor-24791\">\n\t\t\t\t\t\t<section class=\"elementor-section elementor-top-section elementor-element elementor-element-412ffb1 scheme_dark elementor-section-boxed elementor-section-height-default elementor-section-height-default sc_fly_static\" data-id=\"412ffb1\" data-element_type=\"section\" data-settings=\"{&quot;background_background&quot;:&quot;classic&quot;}\">\n\t\t\t\t\t\t<div class=\"elementor-container elementor-column-gap-extended\">\n\t\t\t\t\t<div class=\"elementor-column elementor-col-100 elementor-top-column elementor-element elementor-element-267ca3f sc_inner_width_none sc_content_align_inherit sc_layouts_column_icons_position_left sc_fly_static\" data-id=\"267ca3f\" data-element_type=\"column\">\n\t\t\t<div class=\"elementor-widget-wrap\">\n\t\t\t\t\t\t\t<\/div>\n\t\t<\/div>\n\t\t\t\t\t<\/div>\n\t\t<\/section>\n\t\t\t\t<section class=\"elementor-section elementor-top-section elementor-element elementor-element-347ca17 elementor-section-boxed elementor-section-height-default elementor-section-height-default sc_fly_static\" data-id=\"347ca17\" data-element_type=\"section\">\n\t\t\t\t\t\t<div class=\"elementor-container elementor-column-gap-extended\">\n\t\t\t\t\t<div class=\"elementor-column elementor-col-100 elementor-top-column elementor-element elementor-element-d16ac56 sc_inner_width_none sc_content_align_inherit sc_layouts_column_icons_position_left sc_fly_static\" data-id=\"d16ac56\" data-element_type=\"column\">\n\t\t\t<div class=\"elementor-widget-wrap elementor-element-populated\">\n\t\t\t\t\t\t<div class=\"elementor-element elementor-element-51cd6d2 sc_height_huge sc_fly_static elementor-widget elementor-widget-spacer\" data-id=\"51cd6d2\" data-element_type=\"widget\" data-widget_type=\"spacer.default\">\n\t\t\t\t<div class=\"elementor-widget-container\">\n\t\t\t\t\t\t\t<div class=\"elementor-spacer\">\n\t\t\t<div class=\"elementor-spacer-inner\"><\/div>\n\t\t<\/div>\n\t\t\t\t\t\t<\/div>\n\t\t\t\t<\/div>\n\t\t\t\t<div class=\"elementor-element elementor-element-8e1bb6b sc_fly_static elementor-widget elementor-widget-text-editor\" data-id=\"8e1bb6b\" data-element_type=\"widget\" data-widget_type=\"text-editor.default\">\n\t\t\t\t<div class=\"elementor-widget-container\">\n\t\t\t\t\t\t\t\t\t<p style=\"text-align: center;\"><strong>POLITYKA PRYWATNO\u015aCI<\/strong><\/p><p style=\"text-align: center;\">Niniejsza Polityka stanowi podstawow\u0105 informacj\u0119 o celach, sposobach przetwarzania oraz<br \/>bezpiecze\u0144stwie Twoich danych osobowych, jako u\u017cytkownika strony: www.kleve-solar.com<br \/>(zwanej dalej Stron\u0105). Zapoznaj\u0105c si\u0119 z Polityk\u0105 prywatno\u015bci dowiesz si\u0119 kto jest<br \/>administratorem Twoich danych osobowych, jakie dane osobowe s\u0105 przez Stron\u0119 zbierane, w<br \/>jakich celach s\u0105 wykorzystywane oraz jak s\u0105 chronione.<\/p><p style=\"text-align: center;\">\u00a71. Informacje podstawowe.<\/p><p style=\"text-align: center;\">1. Administratorem Twoich danych osobowych jest: KLEVE Sp. z o.o., ul. M\u0142ynarska 8\/12,<br \/>01-194 Warszawa, KRS 0000659485, NIP: 7743232467<br \/>2. Kontakt z Administratorem jest mo\u017cliwy za po\u015brednictwem poczty e-mail: info@klevesolar.<br \/>com<\/p><p style=\"text-align: center;\">\u00a72. Zasady przetwarzania danych.<\/p><p style=\"text-align: center;\">1. Administrator przetwarza dane osobowe z poszanowaniem nast\u0119puj\u0105cych zasad:<br \/>1) w oparciu o podstaw\u0119 prawn\u0105 i zgodnie z prawem (legalizm);<br \/>2) rzetelnie i uczciwie (rzetelno\u015b\u0107);<br \/>3) w spos\u00f3b przejrzysty dla osoby, kt\u00f3rej dane dotycz\u0105 (transparentno\u015b\u0107);<br \/>4) w konkretnych celach i nie \u201ena zapas\u201d (minimalizacja);<br \/>5) nie wi\u0119cej ni\u017c potrzeba (adekwatno\u015b\u0107);<br \/>6) z dba\u0142o\u015bci\u0105 o prawid\u0142owo\u015b\u0107 danych (prawid\u0142owo\u015b\u0107);<br \/>7) nie d\u0142u\u017cej ni\u017c potrzeba (czasowo\u015b\u0107);<br \/>8) zapewniaj\u0105c odpowiednie bezpiecze\u0144stwo danych (bezpiecze\u0144stwo).<\/p><p style=\"text-align: center;\">\u00a73. Cele, podstawy prawne i zakres przetwarzania danych.<\/p><p style=\"text-align: center;\">1. Twoje dane b\u0119dziemy przetwarza\u0107:<br \/>1) w celach kontaktowych, aby udzieli\u0107 ci odpowiedzi na Twoj\u0105 wiadomo\u015b\u0107 przes\u0142an\u0105 nam<br \/>bezpo\u015brednio drog\u0105 e-mailow\u0105 lub za po\u015brednictwem formularza na podstawie<br \/>realizacji prawnie uzasadnionego interesu Administratora zwi\u0105zanego z konieczno\u015bci\u0105<br \/>udzielenia Ci odpowiedzi.<br \/>2) w celach technicznych przy u\u017cyciu plik\u00f3w cookies (ciasteczka techniczne), na<br \/>podstawie realizacji prawnie uzasadnionego interesu Administratora zwi\u0105zanego z<br \/>prawid\u0142owym dzia\u0142aniem i funkcjonowaniem Strony.<br \/>3) w celach statystycznych i analitycznych, je\u015bli wyrazi\u0142e\u015b zgod\u0119 na wykorzystanie przez<br \/>nas plik\u00f3w cookies do cel\u00f3w analitycznych (ciasteczka analityczne).<br \/>4) w celach marketingowych, je\u015bli wyrazi\u0142e\u015b zgod\u0119 na wykorzystanie przez nas plik\u00f3w<br \/>cookies do cel\u00f3w marketingowych (ciasteczka marketingowe)<br \/>5) w celach zwi\u0105zanych z prowadzeniem przez nas profilu firmowego w mediach<br \/>spo\u0142eczno\u015bciowych (takich jak Facebook \/ Instagram) na zasadach okre\u015blonych przez<br \/>w\u0142a\u015bcicieli danego medium (portalu) i informowania w nim o naszych produktach,<br \/>promocjach i innych wiadomo\u015bciach dotycz\u0105cych naszej dzia\u0142alno\u015bci, co uwa\u017camy za<br \/>nasz prawnie uzasadniony interes,<\/p><p style=\"text-align: center;\">2. Przetwarzamy Twoje dane w zakresie:<br \/>1) je\u015bli prze\u015blesz nam wiadomo\u015b\u0107 e-mail to b\u0119dziemy przetwarza\u0107 dane, kt\u00f3re b\u0119d\u0105 w niej<br \/>zawarte. Przekazanie nam danych w e-mailu nast\u0119puje dobrowolnie. W ka\u017cdym czasie<br \/>mo\u017cesz zwr\u00f3ci\u0107 si\u0119 do nas z pro\u015bb\u0105 o usuni\u0119cie tych danych.<br \/>2) je\u015bli skorzysta\u0107 z formularza kontaktowego na naszej stronie to b\u0119dziemy przetwarza\u0107<br \/>dane w postaci twojego adresu e-mail oraz imienia. Podanie tych danych stanowi<br \/>warunek udzielenia przez nas odpowiedzi na Twoje zapytanie.<br \/>3) pozosta\u0142e dane, kt\u00f3re Administrator przetwarza to adres IP i inne dane zapisywane w<br \/>plikach cookies. To Ty decydujesz w jakim zakresie b\u0119dziemy mogli wykorzysta\u0107 pliki<br \/>cookies z Twoimi danymi. Przekazanie nam danych w ten spos\u00f3b nast\u0119puje<br \/>dobrowolnie. W ka\u017cdym czasie mo\u017cesz zmieni\u0107 swoje preferencje. Mo\u017cesz to zrobi\u0107 w<br \/>swojej przegl\u0105darce internetowej lub te\u017c po usuni\u0119ciu zapisanych plik\u00f3w cookies<br \/>pochodz\u0105cych z naszej Strony.<br \/>4) je\u015bli polubisz lub w inny spos\u00f3b do\u0142\u0105czysz do naszego profilu w mediach<br \/>spo\u0142eczno\u015bciowych (np. Facebook) b\u0119dziemy przetwarza\u0107 Twoje dane, kt\u00f3re poda\u0142e\u015b w<br \/>danym medium i do kt\u00f3rych b\u0119dziemy mieli dost\u0119p. W celu zako\u0144czenia przetwarzania<br \/>mo\u017cesz zako\u0144czy\u0107 subskrypcj\u0119 naszego profilu.<br \/>5) API zewn\u0119trznych partner\u00f3w: Nasza strona mo\u017ce korzysta\u0107 z API (interfejs\u00f3w<br \/>programistycznych aplikacji) dostarczanych przez zewn\u0119trznych partner\u00f3w w celu<br \/>zintegrowania r\u00f3\u017cnych funkcjonalno\u015bci, takich jak mapy, us\u0142ugi analityczne,<br \/>reklamowe czy media spo\u0142eczno\u015bciowe. Korzystanie z tych API mo\u017ce prowadzi\u0107 do<br \/>tworzenia dodatkowych ciasteczek lub korzystania z istniej\u0105cych ciasteczek w celu<br \/>przetwarzania danych u\u017cytkownik\u00f3w. Zewn\u0119trzni partnerzy mog\u0105 przechowywa\u0107 i<br \/>przetwarza\u0107 te dane zgodnie z w\u0142asnymi politykami prywatno\u015bci.<\/p><p style=\"text-align: center;\">\u00a74. Odbiorcy danych oraz zamiar przekazywania danych do Pa\u0144stwa spoza EOG lub<br \/>organizacji mi\u0119dzynarodowej.<\/p><p style=\"text-align: center;\">1. Odbiorcami Twoich danych osobowych s\u0105:<br \/>1) je\u015bli wyrazi\u0142e\u015b zgod\u0119 na ciasteczka marketingowe, Twoje dane zapisane w plikach<br \/>cookies, b\u0119d\u0105 przekazane do naszych partner\u00f3w reklamowych.<br \/>2) je\u015bli wyrazi\u0142e\u015b zgod\u0119 na ciasteczka analityczne, Twoje dane zapisane w plikach<br \/>cookies, b\u0119d\u0105 przetwarzane przez podmiot dostarczaj\u0105cy oprogramowanie do analizy<br \/>ruchu naszej stronie (np. Google Analytics)<br \/>3) Twoje dane nie s\u0105 przekazywane do Pa\u0144stw spoza EOG lub organizacji<br \/>mi\u0119dzynarodowych, z wyj\u0105tkiem partner\u00f3w wymienionych poni\u017cej:<br \/>1) Google Inc. z siedzib\u0105 w USA w zakresie analityki ruchu na stronie w systemie Google<br \/>Analytics oraz dostarczania dodatkowych funkcji (takich jak Google Maps, Google Search<br \/>Console) zwi\u0105zanych z prawid\u0142owym funkcjonowaniem strony oraz wy\u015bwietlaniem wynik\u00f3w<br \/>wyszukiwania. Zobacz jak Google przetwarza i chroni Twoje dane. Ten dodatek do<br \/>przegl\u0105darki umo\u017cliwi Ci zarz\u0105dzanie zakresem i poziomem dost\u0119pu do danych zbieranych<br \/>przez Google Analytics.<br \/>2) Google Inc. z siedzib\u0105 w USA w zakresie reklam i mierzenia ich skuteczno\u015bci w systemie<br \/>Google Ads. Zobacz jak Google przetwarza i chroni Twoje dane. Tutaj mo\u017cesz zarz\u0105dza\u0107<br \/>swoimi preferencjami i informacjami w systemie reklamowym Google.<br \/>3) Facebook Inc. z siedzib\u0105 w USA w zakresie obs\u0142ugi konta i dost\u0119pu do danych w serwisach<br \/>spo\u0142eczno\u015bciowych (Facebook, Instagram), reklam i mierzenia ich skuteczno\u015bci zwi\u0105zanych z<br \/>instalacj\u0105 na stronie piksela Facebooka oraz API Konwersji. Zobacz jak Facebook przetwarza<br \/>i chroni Twoje dane.<\/p><p style=\"text-align: center;\">\u00a75. Termin przechowywania danych.<\/p><p style=\"text-align: center;\">Nie jeste\u015bmy w stanie ustali\u0107 przez jaki okres przetwarza\u0107 b\u0119dziemy Twoje dane osobowe. Je\u015bli<br \/>przekaza\u0142e\u015b nam swoje dane w formularzu lub wiadomo\u015bci e-mail w celach kontaktowych to<br \/>Twoje dane b\u0119dziemy przetwarza\u0107 do momentu z\u0142o\u017cenia przez Ciebie \u017c\u0105dania usuni\u0119cia tych<br \/>danych lub sprzeciwu wobec przetwarzania, ale r\u00f3wnie\u017c w przypadku, w kt\u00f3rym uznamy, \u017ce<br \/>zrealizowali\u015bmy prawnie uzasadniony interes Administratora.<\/p><p style=\"text-align: center;\">\u00a76. Prawa u\u017cytkownik\u00f3w.<\/p><p style=\"text-align: center;\">1. W zwi\u0105zku z przetwarzaniem Twoich danych przys\u0142uguj\u0105 Ci nast\u0119puj\u0105ce prawa:<br \/>1) dost\u0119pu do tre\u015bci swoich danych oraz<br \/>2) prawo ich sprostowania, usuni\u0119cia, ograniczenia przetwarzania,<br \/>3) prawo do przenoszenia danych,<br \/>4) prawo wniesienia sprzeciwu,<br \/>5) prawo do cofni\u0119cia zgody na ich przetwarzanie w dowolnym momencie i w dowolnej<br \/>formie, chyba \u017ce przetwarzanie Pa\u0144stwa danych odbywa si\u0119 w celu wykonywania<br \/>umowy przez Administratora, w celu wywi\u0105zania si\u0119 przez Administratora z<br \/>obowi\u0105zk\u00f3w prawnych wzgl\u0119dem instytucji pa\u0144stwowych lub w celu realizacji prawnie<br \/>uzasadnionych interes\u00f3w Administratora.<br \/>2. Masz tak\u017ce prawo wniesienia skargi do Prezesa Urz\u0119du Ochrony Danych Osobowych (na<br \/>adres Urz\u0119du Ochrony Danych Osobowych, ul. Stawki 2, 00-193 Warszawa).<br \/>3. Wi\u0119cej informacji w przedmiocie ochrony danych osobowych mog\u0105 Pa\u0144stwo otrzyma\u0107 na<br \/>stronie internetowej Urz\u0119du Ochrony Danych Osobowych: www.uodo.gov.pl<\/p><p style=\"text-align: center;\">\u00a77 Informacja o ciasteczkach<\/p><p style=\"text-align: center;\">1. Na naszej stronie wykorzystujemy ciasteczka (pliki cookies).<br \/>2. Ciasteczka (pliki cookies) s\u0105 niewielkimi plikami tekstowymi przechowywanymi na<br \/>urz\u0105dzeniach u\u017cytkownik\u00f3w podczas przegl\u0105dania strony internetowej. S\u0105 one<br \/>wykorzystywane w celu u\u0142atwienia korzystania z naszej strony, poprawienia jako\u015bci<br \/>us\u0142ug oraz umo\u017cliwienia analizy ruchu i zachowa\u0144 u\u017cytkownik\u00f3w.<br \/>3. Ciasteczka mog\u0105 by\u0107 sta\u0142e (trwa\u0142e) lub tymczasowe (sesyjne). Sta\u0142e ciasteczka s\u0105<br \/>przechowywane na urz\u0105dzeniu u\u017cytkownika przez okre\u015blony czas lub do momentu ich<br \/>usuni\u0119cia przez u\u017cytkownika. Tymczasowe ciasteczka s\u0105 usuwane po zamkni\u0119ciu<br \/>przegl\u0105darki.<br \/>4. Wykorzystujemy ciasteczka w\u0142asne oraz ciasteczka stron trzecich. Ciasteczka w\u0142asne<br \/>s\u0105 wykorzystywane w celu zapewnienia prawid\u0142owego dzia\u0142ania strony, personalizacji<br \/>tre\u015bci, zapisywania preferencji u\u017cytkownik\u00f3w oraz analizy statystyk. Ciasteczka stron<br \/>trzecich s\u0105 wykorzystywane przez zewn\u0119trzne narz\u0119dzia analityczne, reklamowe oraz<br \/>do integracji z mediami spo\u0142eczno\u015bciowymi.<br \/>5. U\u017cytkownicy maj\u0105 prawo kontrolowa\u0107 i ogranicza\u0107 spos\u00f3b, w jaki ciasteczka s\u0105<br \/>wykorzystywane na naszej stronie. Wi\u0119kszo\u015b\u0107 przegl\u0105darek internetowych umo\u017cliwia<br \/>zarz\u0105dzanie plikami cookies, w tym blokowanie, ograniczanie lub usuwanie<br \/>ciasteczek. Szczeg\u00f3\u0142owe informacje na temat zarz\u0105dzania ciasteczkami mo\u017cna znale\u017a\u0107<br \/>w ustawieniach przegl\u0105darki u\u017cytkownika.<br \/>6. Nale\u017cy pami\u0119ta\u0107, \u017ce wy\u0142\u0105czenie lub ograniczenie ciasteczek mo\u017ce wp\u0142yn\u0105\u0107 na<br \/>funkcjonalno\u015b\u0107 strony oraz jako\u015b\u0107 \u015bwiadczonych us\u0142ug.<br \/>7. Na naszej stronie wykorzystujemy r\u00f3\u017cne rodzaje ciasteczek, aby lepiej dostosowa\u0107 si\u0119<br \/>do potrzeb u\u017cytkownik\u00f3w i zapewni\u0107 optymalne korzystanie ze strony.<br \/>8. Ciasteczka techniczne: S\u0105 niezb\u0119dne do prawid\u0142owego funkcjonowania witryny.<br \/>Umo\u017cliwiaj\u0105 utrzymanie sesji u\u017cytkownika, obs\u0142ug\u0119 formularzy, zapami\u0119tywanie<br \/>preferencji oraz zapewnienie bezpiecze\u0144stwa strony.<br \/>9. Ciasteczka marketingowe: Pozwalaj\u0105 na personalizacj\u0119 reklam oraz prowadzenie<br \/>dzia\u0142a\u0144 remarketingowych, kt\u00f3re s\u0105 dostosowane do zainteresowa\u0144 i preferencji<br \/>u\u017cytkownik\u00f3w. S\u0142u\u017c\u0105 r\u00f3wnie\u017c do mierzenia skuteczno\u015bci kampanii reklamowych oraz<br \/>optymalizacji tre\u015bci reklamowych.<br \/>10. Ciasteczka analityczne: S\u0105 wykorzystywane do zbierania informacji o sposobie<br \/>korzystania z witryny przez u\u017cytkownik\u00f3w, takich jak liczba odwiedzin, strony<br \/>odwiedzane, czas sp\u0119dzony na stronie czy \u017ar\u00f3d\u0142o ruchu. Uzyskane dane pomagaj\u0105 w<br \/>analizie i optymalizacji strony, poprawiaj\u0105c jej funkcjonowanie i dostosowuj\u0105c tre\u015bci<br \/>do potrzeb u\u017cytkownik\u00f3w.<\/p><p style=\"text-align: center;\">\u00a78 Dlaczego korzystamy z ciasteczek?<\/p><p style=\"text-align: center;\">1. Komfort korzystania ze strony: Ciasteczka (pliki cookies) mog\u0105 znacz\u0105co wp\u0142yn\u0105\u0107 na<br \/>komfort korzystania ze strony internetowej.<br \/>2. Personalizacja tre\u015bci: Ciasteczka pozwalaj\u0105 na dostosowanie wy\u015bwietlanych tre\u015bci do<br \/>preferencji i zainteresowa\u0144 u\u017cytkownika, co sprawia, \u017ce strona staje si\u0119 bardziej<br \/>atrakcyjna i u\u017cyteczna.<br \/>3. Zapami\u0119tywanie ustawie\u0144: Dzi\u0119ki ciasteczkom strona mo\u017ce zapami\u0119ta\u0107 wybrane<br \/>przez u\u017cytkownika ustawienia, takie jak j\u0119zyk, uk\u0142ad czy kolorystyka, co pozwala na<br \/>szybsze i wygodniejsze korzystanie z serwisu.<br \/>4. Logowanie: Ciasteczka umo\u017cliwiaj\u0105 przechowywanie informacji o zalogowanym<br \/>u\u017cytkowniku, co pozwala na \u0142atwe prze\u0142\u0105czanie si\u0119 mi\u0119dzy r\u00f3\u017cnymi sekcjami strony<br \/>bez konieczno\u015bci ponownego logowania.<br \/>5. Utrzymanie sesji: Dzi\u0119ki ciasteczkom strona mo\u017ce \u015bledzi\u0107 aktywno\u015b\u0107 u\u017cytkownika na<br \/>r\u00f3\u017cnych podstronach, co pozwala na \u0142atwe wracanie do ostatnio odwiedzanych sekcji<br \/>lub kontynuowanie niedoko\u0144czonych dzia\u0142a\u0144, takich jak wype\u0142nianie formularzy.<br \/>6. Optymalizacja wydajno\u015bci: Ciasteczka mog\u0105 by\u0107 wykorzystane do analizy ruchu i<br \/>zachowa\u0144 u\u017cytkownik\u00f3w na stronie, co pomaga w optymalizacji jej wydajno\u015bci oraz<br \/>dostarczaniu tre\u015bci o wysokiej jako\u015bci.<br \/>7. Reklamy: Ciasteczka umo\u017cliwiaj\u0105 wy\u015bwietlanie spersonalizowanych reklam, kt\u00f3re s\u0105<br \/>dopasowane do zainteresowa\u0144 i potrzeb u\u017cytkownika. Dzi\u0119ki temu, reklamy s\u0105 mniej<br \/>inwazyjne i bardziej adekwatne.<br \/>8. Integracja z mediami spo\u0142eczno\u015bciowymi: Ciasteczka pozwalaj\u0105 na integracj\u0119 z<br \/>serwisami spo\u0142eczno\u015bciowymi, takimi jak Facebook, Twitter czy Instagram, co<br \/>umo\u017cliwia \u0142atwe udost\u0119pnianie tre\u015bci oraz korzystanie z dodatkowych funkcji, takich<br \/>jak komentowanie czy polubienia.<\/p><p style=\"text-align: center;\">\u00a79 Funkcje ciasteczek technicznych<\/p><p style=\"text-align: center;\">1. Utrzymanie sesji u\u017cytkownika: Ciasteczka techniczne umo\u017cliwiaj\u0105 utrzymanie sesji<br \/>u\u017cytkownika podczas poruszania si\u0119 po stronie, co pozwala na przechodzenie mi\u0119dzy<br \/>r\u00f3\u017cnymi sekcjami witryny bez konieczno\u015bci ponownego logowania czy wprowadzania<br \/>tych samych informacji.<br \/>2. Zapami\u0119tywanie preferencji u\u017cytkownika: Dzi\u0119ki ciasteczkom technicznym strona<br \/>mo\u017ce przechowywa\u0107 informacje na temat preferencji u\u017cytkownik\u00f3w, takie jak<br \/>wybrany j\u0119zyk, wielko\u015b\u0107 czcionki, ustawienia kolorystyczne czy inne elementy<br \/>personalizacji.<br \/>3. Obs\u0142uga formularzy: Ciasteczka techniczne wspomagaj\u0105 funkcjonowanie formularzy<br \/>na stronie, takich jak formularze logowania, rejestracji czy kontaktowe, zapewniaj\u0105c<br \/>prawid\u0142owe przetwarzanie danych wprowadzanych przez u\u017cytkownik\u00f3w.<br \/>4. Optymalizacja wydajno\u015bci strony: U\u017cycie ciasteczek technicznych umo\u017cliwia<br \/>monitorowanie wydajno\u015bci strony oraz szybko\u015b\u0107 \u0142adowania poszczeg\u00f3lnych<br \/>element\u00f3w, co pozwala na optymalizacj\u0119 i popraw\u0119 jako\u015bci \u015bwiadczonych us\u0142ug.<br \/>5. Bezpiecze\u0144stwo: Ciasteczka techniczne pomagaj\u0105 w zapewnieniu bezpiecze\u0144stwa<br \/>witryny i jej u\u017cytkownik\u00f3w, na przyk\u0142ad poprzez weryfikacj\u0119 to\u017csamo\u015bci<br \/>u\u017cytkownik\u00f3w, wykrywanie pr\u00f3b w\u0142ama\u0144 czy ochron\u0119 przed atakami typu CSRF<br \/>(Cross-Site Request Forgery).<\/p><p style=\"text-align: center;\">\u00a710 Funkcje ciasteczek analitycznych<\/p><p style=\"text-align: center;\">1. Pomiar ruchu na stronie: Ciasteczka analityczne pozwalaj\u0105 na monitorowanie liczby<br \/>odwiedzin, unikalnych u\u017cytkownik\u00f3w i wy\u015bwietle\u0144 stron, co daje og\u00f3lny obraz<br \/>popularno\u015bci i wydajno\u015bci witryny.<br \/>2. Analiza zachowa\u0144 u\u017cytkownik\u00f3w: Dzi\u0119ki ciasteczkom analitycznym mo\u017cna zbiera\u0107<br \/>informacje o sposobie, w jaki u\u017cytkownicy poruszaj\u0105 si\u0119 po stronie, na przyk\u0142ad czas<br \/>sp\u0119dzony na poszczeg\u00f3lnych podstronach, \u015bcie\u017cki nawigacji oraz miejsca, w kt\u00f3rych<br \/>opuszczaj\u0105 witryn\u0119.<br \/>3. Optymalizacja konwersji: Ciasteczka analityczne pomagaj\u0105 w identyfikowaniu<br \/>element\u00f3w strony, kt\u00f3re wp\u0142ywaj\u0105 na skuteczno\u015b\u0107 osi\u0105gania cel\u00f3w biznesowych,<br \/>takich jak rejestracja, z\u0142o\u017cenie zam\u00f3wienia czy wype\u0142nienie formularza kontaktowego.<br \/>4. Segmentacja u\u017cytkownik\u00f3w: U\u017cycie ciasteczek analitycznych umo\u017cliwia grupowanie<br \/>u\u017cytkownik\u00f3w wed\u0142ug r\u00f3\u017cnych kryteri\u00f3w co pozwala na lepsze dostosowanie tre\u015bci i<br \/>oferty do potrzeb poszczeg\u00f3lnych segment\u00f3w.<br \/>5. Testowanie A\/B: Ciasteczka analityczne s\u0105 wykorzystywane do przeprowadzania<br \/>test\u00f3w A\/B, kt\u00f3re polegaj\u0105 na por\u00f3wnaniu dw\u00f3ch wersji strony internetowej, aby<br \/>sprawdzi\u0107, kt\u00f3ra z nich lepiej spe\u0142nia za\u0142o\u017cone cele. Testy te pomagaj\u0105 w<br \/>optymalizacji wygl\u0105du, funkcjonalno\u015bci i tre\u015bci witryny.<\/p><p style=\"text-align: center;\">\u00a711 Funkcje ciasteczek reklamowych<\/p><p style=\"text-align: center;\">1. Spersonalizowane reklamy: Ciasteczka marketingowe umo\u017cliwiaj\u0105 wy\u015bwietlanie<br \/>reklam dopasowanych do zainteresowa\u0144, preferencji i historii przegl\u0105dania<br \/>u\u017cytkownika, co sprawia, \u017ce s\u0105 one bardziej atrakcyjne i efektywne.<br \/>2. Remarketing: Dzi\u0119ki ciasteczkom marketingowym mo\u017cna \u015bledzi\u0107 u\u017cytkownik\u00f3w,<br \/>kt\u00f3rzy odwiedzili witryn\u0119, ale nie dokonali zakupu lub innej akcji, i ponownie<br \/>kierowa\u0107 do nich reklamy, aby zach\u0119ci\u0107 do powrotu na stron\u0119 i finalizacji transakcji.<br \/>3. Pomiar skuteczno\u015bci reklam: Ciasteczka marketingowe pozwalaj\u0105 na monitorowanie<br \/>wynik\u00f3w kampanii reklamowych, takich jak liczba klikni\u0119\u0107, konwersji czy<br \/>wy\u015bwietle\u0144, co umo\u017cliwia optymalizacj\u0119 strategii marketingowej.<br \/>4. Zarz\u0105dzanie reklamami w wielu kana\u0142ach: U\u017cycie ciasteczek marketingowych u\u0142atwia<br \/>koordynacj\u0119 i integracj\u0119 dzia\u0142a\u0144 reklamowych prowadzonych w r\u00f3\u017cnych kana\u0142ach,<br \/>takich jak wyszukiwarki, media spo\u0142eczno\u015bciowe czy strony partnerskie.<br \/>5. Testowanie i optymalizacja tre\u015bci reklamowych: Ciasteczka marketingowe s\u0105<br \/>wykorzystywane do przeprowadzania test\u00f3w A\/B oraz innych metod analizy, kt\u00f3re<br \/>pozwalaj\u0105 na ocen\u0119, jakie przekazy, formaty czy kreatywno\u015bci reklamowe s\u0105<br \/>najbardziej skuteczne i anga\u017cuj\u0105ce dla u\u017cytkownik\u00f3w.<\/p>\t\t\t\t\t\t\t\t<\/div>\n\t\t\t\t<\/div>\n\t\t\t\t<div class=\"elementor-element elementor-element-8e18098 sc_height_huge sc_fly_static elementor-widget elementor-widget-spacer\" data-id=\"8e18098\" data-element_type=\"widget\" data-widget_type=\"spacer.default\">\n\t\t\t\t<div class=\"elementor-widget-container\">\n\t\t\t\t\t\t\t<div class=\"elementor-spacer\">\n\t\t\t<div class=\"elementor-spacer-inner\"><\/div>\n\t\t<\/div>\n\t\t\t\t\t\t<\/div>\n\t\t\t\t<\/div>\n\t\t\t\t\t<\/div>\n\t\t<\/div>\n\t\t\t\t\t<\/div>\n\t\t<\/section>\n\t\t\t\t<\/div>","protected":false},"excerpt":{"rendered":"<p>POLITYKA PRYWATNO\u015aCI Niniejsza Polityka stanowi podstawow\u0105 informacj\u0119 o celach, sposobach przetwarzania orazbezpiecze\u0144stwie Twoich danych osobowych, jako u\u017cytkownika strony: www.kleve-solar.com(zwanej dalej Stron\u0105). Zapoznaj\u0105c si\u0119 z Polityk\u0105 prywatno\u015bci dowiesz si\u0119 kto jestadministratorem&hellip;<\/p>","protected":false},"author":1,"featured_media":0,"parent":0,"menu_order":0,"comment_status":"closed","ping_status":"closed","template":"","meta":{"_themeisle_gutenberg_block_has_review":false,"footnotes":""},"_links":{"self":[{"href":"http:\/\/www.kleve-solar.com\/en\/wp-json\/wp\/v2\/pages\/24791"}],"collection":[{"href":"http:\/\/www.kleve-solar.com\/en\/wp-json\/wp\/v2\/pages"}],"about":[{"href":"http:\/\/www.kleve-solar.com\/en\/wp-json\/wp\/v2\/types\/page"}],"author":[{"embeddable":true,"href":"http:\/\/www.kleve-solar.com\/en\/wp-json\/wp\/v2\/users\/1"}],"replies":[{"embeddable":true,"href":"http:\/\/www.kleve-solar.com\/en\/wp-json\/wp\/v2\/comments?post=24791"}],"version-history":[{"count":12,"href":"http:\/\/www.kleve-solar.com\/en\/wp-json\/wp\/v2\/pages\/24791\/revisions"}],"predecessor-version":[{"id":24893,"href":"http:\/\/www.kleve-solar.com\/en\/wp-json\/wp\/v2\/pages\/24791\/revisions\/24893"}],"wp:attachment":[{"href":"http:\/\/www.kleve-solar.com\/en\/wp-json\/wp\/v2\/media?parent=24791"}],"curies":[{"name":"wp","href":"https:\/\/api.w.org\/{rel}","templated":true}]}}